{"id":117,"date":"2025-10-20T10:13:19","date_gmt":"2025-10-20T08:13:19","guid":{"rendered":"https:\/\/citadinisulidarii.org\/?page_id=117"},"modified":"2026-01-27T16:23:21","modified_gmt":"2026-01-27T15:23:21","slug":"videos","status":"publish","type":"page","link":"https:\/\/citadinisulidarii.org\/?page_id=117","title":{"rendered":"VIDEOS"},"content":{"rendered":"\t\t<div data-elementor-type=\"wp-page\" data-elementor-id=\"117\" class=\"elementor elementor-117\">\n\t\t\t\t<div class=\"elementor-element elementor-element-32d1c73 e-flex e-con-boxed e-con e-parent\" data-id=\"32d1c73\" data-element_type=\"container\">\n\t\t\t\t\t<div class=\"e-con-inner\">\n\t\t\t\t<div class=\"elementor-element elementor-element-a32a7de elementor-widget elementor-widget-video\" data-id=\"a32a7de\" data-element_type=\"widget\" data-settings=\"{&quot;youtube_url&quot;:&quot;https:\\\/\\\/youtu.be\\\/RzVEdv-HDVA&quot;,&quot;video_type&quot;:&quot;youtube&quot;,&quot;controls&quot;:&quot;yes&quot;}\" data-widget_type=\"video.default\">\n\t\t\t\t\t\t\t<div class=\"elementor-wrapper elementor-open-inline\">\n\t\t\t<div class=\"elementor-video\"><\/div>\t\t<\/div>\n\t\t\t\t\t\t<\/div>\n\t\t\t\t\t<\/div>\n\t\t\t\t<\/div>\n\t\t<div class=\"elementor-element elementor-element-93dd527 e-flex e-con-boxed e-con e-parent\" data-id=\"93dd527\" data-element_type=\"container\">\n\t\t\t\t\t<div class=\"e-con-inner\">\n\t\t\t\t<div class=\"elementor-element elementor-element-d77a106 elementor-widget elementor-widget-video\" data-id=\"d77a106\" data-element_type=\"widget\" data-settings=\"{&quot;youtube_url&quot;:&quot;https:\\\/\\\/youtu.be\\\/sPktPjoCfgQ&quot;,&quot;video_type&quot;:&quot;youtube&quot;,&quot;controls&quot;:&quot;yes&quot;}\" data-widget_type=\"video.default\">\n\t\t\t\t\t\t\t<div class=\"elementor-wrapper elementor-open-inline\">\n\t\t\t<div class=\"elementor-video\"><\/div>\t\t<\/div>\n\t\t\t\t\t\t<\/div>\n\t\t\t\t\t<\/div>\n\t\t\t\t<\/div>\n\t\t<div class=\"elementor-element elementor-element-03b0477 e-grid e-con-boxed e-con e-parent\" data-id=\"03b0477\" data-element_type=\"container\">\n\t\t\t\t\t<div class=\"e-con-inner\">\n\t\t\t\t<div class=\"elementor-element elementor-element-e8c0216 elementor-widget elementor-widget-text-editor\" data-id=\"e8c0216\" data-element_type=\"widget\" data-widget_type=\"text-editor.default\">\n\t\t\t\t\t\t\t\t\t<p>A voir avec bonheur le film de Simone Biton :\u00a0 <strong><a href=\"https:\/\/www.tv5mondeplus.com\/fr\/documentaires\/portraits\/les-mille-et-un-jours-du-hajj-edmond\">LES MILLES ET UN JOUR DU HAJJ EDMOND\u00a0<\/a><\/strong><\/p><p>Ancien dirigeant communiste et militant pour l&rsquo;ind\u00e9pendance du Maroc, Edmond Amran Elmaleh (1917-2010) a laiss\u00e9 une oeuvre litt\u00e9raire foisonnante, dans laquelle il articule m\u00e9moire personnelle et collective. Extraits de textes, t\u00e9moignages, archives&#8230; Simone Bitton dessine les contours d&rsquo;un homme attachant et \u00e9rudit, habit\u00e9 par les trag\u00e9dies.<br \/>\u00a0<\/p>\t\t\t\t\t\t\t\t<\/div>\n\t\t\t\t<div class=\"elementor-element elementor-element-57093e8 elementor-widget elementor-widget-image\" data-id=\"57093e8\" data-element_type=\"widget\" data-widget_type=\"image.default\">\n\t\t\t\t\t\t\t\t\t\t\t\t\t\t\t<img fetchpriority=\"high\" decoding=\"async\" width=\"900\" height=\"495\" src=\"https:\/\/citadinisulidarii.org\/wp-content\/uploads\/2025\/11\/HAJJ-EDMOND-2-1024x563.jpg\" class=\"attachment-large size-large wp-image-235\" alt=\"\" srcset=\"https:\/\/citadinisulidarii.org\/wp-content\/uploads\/2025\/11\/HAJJ-EDMOND-2-1024x563.jpg 1024w, https:\/\/citadinisulidarii.org\/wp-content\/uploads\/2025\/11\/HAJJ-EDMOND-2-300x165.jpg 300w, https:\/\/citadinisulidarii.org\/wp-content\/uploads\/2025\/11\/HAJJ-EDMOND-2-768x422.jpg 768w, https:\/\/citadinisulidarii.org\/wp-content\/uploads\/2025\/11\/HAJJ-EDMOND-2-545x300.jpg 545w, https:\/\/citadinisulidarii.org\/wp-content\/uploads\/2025\/11\/HAJJ-EDMOND-2-600x330.jpg 600w, https:\/\/citadinisulidarii.org\/wp-content\/uploads\/2025\/11\/HAJJ-EDMOND-2.jpg 1200w\" sizes=\"(max-width: 900px) 100vw, 900px\" \/>\t\t\t\t\t\t\t\t\t\t\t\t\t\t\t<\/div>\n\t\t\t\t\t<\/div>\n\t\t\t\t<\/div>\n\t\t<div class=\"elementor-element elementor-element-5f63d4e e-flex e-con-boxed e-con e-parent\" data-id=\"5f63d4e\" data-element_type=\"container\">\n\t\t\t\t\t<div class=\"e-con-inner\">\n\t\t\t\t<div class=\"elementor-element elementor-element-7a77061 elementor-widget elementor-widget-video\" data-id=\"7a77061\" data-element_type=\"widget\" data-settings=\"{&quot;youtube_url&quot;:&quot;https:\\\/\\\/www.youtube.com\\\/watch?v=JLQuNN87GVY&quot;,&quot;video_type&quot;:&quot;youtube&quot;,&quot;controls&quot;:&quot;yes&quot;}\" data-widget_type=\"video.default\">\n\t\t\t\t\t\t\t<div class=\"elementor-wrapper elementor-open-inline\">\n\t\t\t<div class=\"elementor-video\"><\/div>\t\t<\/div>\n\t\t\t\t\t\t<\/div>\n\t\t\t\t\t<\/div>\n\t\t\t\t<\/div>\n\t\t<div class=\"elementor-element elementor-element-9575957 e-flex e-con-boxed e-con e-parent\" data-id=\"9575957\" data-element_type=\"container\">\n\t\t\t\t\t<div class=\"e-con-inner\">\n\t\t\t\t<div class=\"elementor-element elementor-element-a6d154f elementor-widget elementor-widget-video\" data-id=\"a6d154f\" data-element_type=\"widget\" data-settings=\"{&quot;youtube_url&quot;:&quot;https:\\\/\\\/youtu.be\\\/t9ffrayY25U&quot;,&quot;video_type&quot;:&quot;youtube&quot;,&quot;controls&quot;:&quot;yes&quot;}\" data-widget_type=\"video.default\">\n\t\t\t\t\t\t\t<div class=\"elementor-wrapper elementor-open-inline\">\n\t\t\t<div class=\"elementor-video\"><\/div>\t\t<\/div>\n\t\t\t\t\t\t<\/div>\n\t\t\t\t\t<\/div>\n\t\t\t\t<\/div>\n\t\t<div class=\"elementor-element elementor-element-c397284 e-grid e-con-boxed e-con e-parent\" data-id=\"c397284\" data-element_type=\"container\">\n\t\t\t\t\t<div class=\"e-con-inner\">\n\t\t\t\t<div class=\"elementor-element elementor-element-b5c4ba2 elementor-widget elementor-widget-text-editor\" data-id=\"b5c4ba2\" data-element_type=\"widget\" data-widget_type=\"text-editor.default\">\n\t\t\t\t\t\t\t\t\t<h3>CINE MUTINS !\u00a0<\/h3><h3><a href=\"https:\/\/www.cinemutins.com\/\">https:\/\/www.cinemutins.com\/<\/a><\/h3><h3>\u00a0<\/h3>\t\t\t\t\t\t\t\t<\/div>\n\t\t\t\t<div class=\"elementor-element elementor-element-a57f646 elementor-widget elementor-widget-image\" data-id=\"a57f646\" data-element_type=\"widget\" data-widget_type=\"image.default\">\n\t\t\t\t\t\t\t\t\t\t\t\t\t\t\t<img decoding=\"async\" width=\"150\" height=\"150\" src=\"https:\/\/citadinisulidarii.org\/wp-content\/uploads\/2025\/11\/mutins-150x150.jpg\" class=\"attachment-thumbnail size-thumbnail wp-image-203\" alt=\"\" srcset=\"https:\/\/citadinisulidarii.org\/wp-content\/uploads\/2025\/11\/mutins-150x150.jpg 150w, https:\/\/citadinisulidarii.org\/wp-content\/uploads\/2025\/11\/mutins-300x300.jpg 300w, https:\/\/citadinisulidarii.org\/wp-content\/uploads\/2025\/11\/mutins-100x100.jpg 100w, https:\/\/citadinisulidarii.org\/wp-content\/uploads\/2025\/11\/mutins.jpg 600w\" sizes=\"(max-width: 150px) 100vw, 150px\" \/>\t\t\t\t\t\t\t\t\t\t\t\t\t\t\t<\/div>\n\t\t\t\t\t<\/div>\n\t\t\t\t<\/div>\n\t\t\t\t<\/div>\n\t\t","protected":false},"excerpt":{"rendered":"<p>https:\/\/youtu.be\/RzVEdv-HDVAhttps:\/\/youtu.be\/sPktPjoCfgQ A voir avec bonheur le film de Simone Biton :\u00a0 LES MILLES ET UN JOUR DU HAJJ EDMOND\u00a0 Ancien dirigeant communiste et militant pour l&rsquo;ind\u00e9pendance du Maroc, Edmond Amran Elmaleh (1917-2010) a laiss\u00e9 une oeuvre litt\u00e9raire foisonnante, dans laquelle il articule m\u00e9moire personnelle et collective. Extraits de textes, t\u00e9moignages, archives&#8230; Simone Bitton dessine les [&hellip;]<\/p>\n","protected":false},"author":1,"featured_media":0,"parent":0,"menu_order":0,"comment_status":"closed","ping_status":"closed","template":"","meta":{"footnotes":""},"class_list":["post-117","page","type-page","status-publish","hentry"],"_links":{"self":[{"href":"https:\/\/citadinisulidarii.org\/index.php?rest_route=\/wp\/v2\/pages\/117","targetHints":{"allow":["GET"]}}],"collection":[{"href":"https:\/\/citadinisulidarii.org\/index.php?rest_route=\/wp\/v2\/pages"}],"about":[{"href":"https:\/\/citadinisulidarii.org\/index.php?rest_route=\/wp\/v2\/types\/page"}],"author":[{"embeddable":true,"href":"https:\/\/citadinisulidarii.org\/index.php?rest_route=\/wp\/v2\/users\/1"}],"replies":[{"embeddable":true,"href":"https:\/\/citadinisulidarii.org\/index.php?rest_route=%2Fwp%2Fv2%2Fcomments&post=117"}],"version-history":[{"count":19,"href":"https:\/\/citadinisulidarii.org\/index.php?rest_route=\/wp\/v2\/pages\/117\/revisions"}],"predecessor-version":[{"id":344,"href":"https:\/\/citadinisulidarii.org\/index.php?rest_route=\/wp\/v2\/pages\/117\/revisions\/344"}],"wp:attachment":[{"href":"https:\/\/citadinisulidarii.org\/index.php?rest_route=%2Fwp%2Fv2%2Fmedia&parent=117"}],"curies":[{"name":"wp","href":"https:\/\/api.w.org\/{rel}","templated":true}]}}