{"id":247,"date":"2026-01-03T19:30:04","date_gmt":"2026-01-03T18:30:04","guid":{"rendered":"https:\/\/citadinisulidarii.org\/?page_id=247"},"modified":"2026-01-07T00:38:23","modified_gmt":"2026-01-06T23:38:23","slug":"laicite","status":"publish","type":"page","link":"https:\/\/citadinisulidarii.org\/?page_id=247","title":{"rendered":"LA\u00cfCIT\u00c9"},"content":{"rendered":"\t\t<div data-elementor-type=\"wp-page\" data-elementor-id=\"247\" class=\"elementor elementor-247\">\n\t\t\t\t<div class=\"elementor-element elementor-element-1b8c896 e-flex e-con-boxed e-con e-parent\" data-id=\"1b8c896\" data-element_type=\"container\">\n\t\t\t\t\t<div class=\"e-con-inner\">\n\t\t\t\t<div class=\"elementor-element elementor-element-7b56cd3 elementor-widget elementor-widget-text-editor\" data-id=\"7b56cd3\" data-element_type=\"widget\" data-widget_type=\"text-editor.default\">\n\t\t\t\t\t\t\t\t\t<p>Face \u00e0 un retour de plus en plus net du \u00ab\u00a0religieux\u00a0\u00bb dans l&rsquo;espace public, Citadini Sulidarii a propos\u00e9 \u00e0 divers citoyens, acteurs de la soci\u00e9t\u00e9 civile,\u00a0 d&rsquo;\u00e9voquer ce que le mot \u00ab\u00a0la\u00efcit\u00e9\u00a0\u00bb rev\u00eatait comme sens, son importance. Voici leurs t\u00e9moignages.\u00a0<\/p>\t\t\t\t\t\t\t\t<\/div>\n\t\t\t\t\t<\/div>\n\t\t\t\t<\/div>\n\t\t<div class=\"elementor-element elementor-element-7c44a79 e-flex e-con-boxed e-con e-parent\" data-id=\"7c44a79\" data-element_type=\"container\">\n\t\t\t\t\t<div class=\"e-con-inner\">\n\t\t\t\t<div class=\"elementor-element elementor-element-f144a95 elementor-widget elementor-widget-text-editor\" data-id=\"f144a95\" data-element_type=\"widget\" data-widget_type=\"text-editor.default\">\n\t\t\t\t\t\t\t\t\t<p><a href=\"https:\/\/citadinisulidarii.org\/?p=279\">SELON &#8230;. L&rsquo;\u00c9TAT<\/a><\/p><p><a href=\"https:\/\/citadinisulidarii.org\/?p=254\">SELON TONI CASALONGA<\/a>\u00a0<\/p><p><a href=\"https:\/\/citadinisulidarii.org\/?p=264\">SELON SAMPIERO SANGUINETTI<\/a><\/p><p><a href=\"https:\/\/citadinisulidarii.org\/?p=269\">SELON JACQUES TERCE<\/a><\/p><p><a href=\"https:\/\/citadinisulidarii.org\/?p=274\">SELON MARIE ACCOMIATO<\/a><\/p><p><a href=\"https:\/\/citadinisulidarii.org\/?p=288\">SELON LAURENT BILLARD<\/a><\/p>\t\t\t\t\t\t\t\t<\/div>\n\t\t\t\t\t<\/div>\n\t\t\t\t<\/div>\n\t\t\t\t<\/div>\n\t\t","protected":false},"excerpt":{"rendered":"<p>Face \u00e0 un retour de plus en plus net du \u00ab\u00a0religieux\u00a0\u00bb dans l&rsquo;espace public, Citadini Sulidarii a propos\u00e9 \u00e0 divers citoyens, acteurs de la soci\u00e9t\u00e9 civile,\u00a0 d&rsquo;\u00e9voquer ce que le mot \u00ab\u00a0la\u00efcit\u00e9\u00a0\u00bb rev\u00eatait comme sens, son importance. Voici leurs t\u00e9moignages.\u00a0 SELON &#8230;. L&rsquo;\u00c9TAT SELON TONI CASALONGA\u00a0 SELON SAMPIERO SANGUINETTI SELON JACQUES TERCE SELON MARIE ACCOMIATO [&hellip;]<\/p>\n","protected":false},"author":1,"featured_media":0,"parent":0,"menu_order":0,"comment_status":"closed","ping_status":"closed","template":"","meta":{"footnotes":""},"class_list":["post-247","page","type-page","status-publish","hentry"],"_links":{"self":[{"href":"https:\/\/citadinisulidarii.org\/index.php?rest_route=\/wp\/v2\/pages\/247","targetHints":{"allow":["GET"]}}],"collection":[{"href":"https:\/\/citadinisulidarii.org\/index.php?rest_route=\/wp\/v2\/pages"}],"about":[{"href":"https:\/\/citadinisulidarii.org\/index.php?rest_route=\/wp\/v2\/types\/page"}],"author":[{"embeddable":true,"href":"https:\/\/citadinisulidarii.org\/index.php?rest_route=\/wp\/v2\/users\/1"}],"replies":[{"embeddable":true,"href":"https:\/\/citadinisulidarii.org\/index.php?rest_route=%2Fwp%2Fv2%2Fcomments&post=247"}],"version-history":[{"count":16,"href":"https:\/\/citadinisulidarii.org\/index.php?rest_route=\/wp\/v2\/pages\/247\/revisions"}],"predecessor-version":[{"id":316,"href":"https:\/\/citadinisulidarii.org\/index.php?rest_route=\/wp\/v2\/pages\/247\/revisions\/316"}],"wp:attachment":[{"href":"https:\/\/citadinisulidarii.org\/index.php?rest_route=%2Fwp%2Fv2%2Fmedia&parent=247"}],"curies":[{"name":"wp","href":"https:\/\/api.w.org\/{rel}","templated":true}]}}